{"id":1272,"date":"2026-02-19T12:37:09","date_gmt":"2026-02-19T11:37:09","guid":{"rendered":"https:\/\/www.uamk.sk\/europeanroute66\/?page_id=1272"},"modified":"2026-02-19T14:06:18","modified_gmt":"2026-02-19T13:06:18","slug":"polsko","status":"publish","type":"page","link":"https:\/\/www.uamk.sk\/europeanroute66\/polsko\/","title":{"rendered":"Po\u013esko"},"content":{"rendered":"\n<p>Po\u013esko je krajina bohat\u00e1 na pr\u00edrodn\u00e9 kr\u00e1sy, kult\u00farne dedi\u010dstvo a zauj\u00edmav\u00fa hist\u00f3riu. Nach\u00e1dza sa v strednej Eur\u00f3pe a jeho krajina je rozmanit\u00e1, od pobre\u017eia Baltsk\u00e9ho mora na severe a\u017e po hory na juhu.<\/p>\n\n\n\n<p>Pr\u00edrodn\u00e9 zauj\u00edmavosti Po\u013eska zah\u0155\u0148aj\u00fa mno\u017estvo n\u00e1rodn\u00fdch parkov a pr\u00edrodn\u00fdch rezerv\u00e1ci\u00ed. Medzi najzn\u00e1mej\u0161ie patria Tatry, najvy\u0161\u0161ie pohorie v krajine, ktor\u00e9 pon\u00faka n\u00e1dhern\u00e9 turistick\u00e9 trasy a ly\u017eiarske stredisk\u00e1. \u010ealej je to Biebrza\u0144ski n\u00e1rodn\u00fd park, zn\u00e1my svojimi ba\u017einami a bohatou faunou, a Mazursk\u00e9 jazern\u00e9 oblasti, ktor\u00e9 s\u00fa ide\u00e1lne na vodn\u00e9 \u0161porty a oddych v pr\u00edrode.<\/p>\n\n\n\n<p>Kult\u00fara Po\u013eska je hlboko zakorenen\u00e1 v trad\u00edci\u00e1ch, hudbe, literat\u00fare a umen\u00ed. Po\u013esko je rodiskom sl\u00e1vnych skladate\u013eov ako Fryderyk Chopin a v\u00fdznamn\u00fdch spisovate\u013eov ako Henryk Sienkiewicz. Krajina je zn\u00e1ma aj svojimi folkl\u00f3rnymi festivalmi, tradi\u010dn\u00fdmi \u013eudov\u00fdmi odevmi a remeslami. Po\u013esk\u00e1 kuchy\u0148a pon\u00faka chutn\u00e9 jedl\u00e1 ako pierogi, bigos a \u017curek.<\/p>\n\n\n\n<p>Hist\u00f3ria Po\u013eska je pln\u00e1 dramatick\u00fdch udalost\u00ed a v\u00fdznamn\u00fdch momentov. Po\u013esko vzniklo ako \u0161t\u00e1t v 10. storo\u010d\u00ed a po\u010das stredoveku sa stalo mocnou krajinou v Eur\u00f3pe. V 20. storo\u010d\u00ed pre\u0161lo ve\u013ek\u00fdmi zmenami, vr\u00e1tane dvoch svetov\u00fdch vojen a obdobia komunistickej vl\u00e1dy. Dnes je Po\u013esko \u010dlenom Eur\u00f3pskej \u00fanie a NATO a pokra\u010duje v rozvoji svojej ekonomiky a kult\u00fary.<\/p>\n\n\n\n<p>Po\u013esko je fascinuj\u00facou krajinou, ktor\u00e1 pon\u00faka n\u00e1v\u0161tevn\u00edkom bohat\u00fa pr\u00edrodu, hlbok\u00fa kult\u00faru a zauj\u00edmav\u00fa hist\u00f3riu, ktor\u00e1 stoj\u00ed za objavovanie.<\/p>\n\n\n\n<div id=\"wg_1281_177762731043\" class=\"woowgallery-wrapper wg-id-1281 type-woowgallery\" itemscope itemtype=\"http:\/\/schema.org\/ImageGallery\">\t\t<div class='woowgallery-amron'>\n\t\t\t<script type=\"application\/json\" class=\"wg-json-content\">[{\"type\":\"attachment\",\"subtype\":\"image\",\"status\":\"publish\",\"id\":\"1256\",\"title_src\":\"custom\",\"alt_src\":\"alt\",\"caption_src\":\"caption\",\"title\":\"\",\"alt\":\"\",\"caption\":\"\",\"link\":{\"text\":\"\",\"url\":\"\",\"target\":\"_self\"},\"tags\":[],\"author\":{\"id\":\"1\",\"name\":\"Maxi\",\"url\":\"https:\\\/\\\/www.uamk.sk\\\/europeanroute66\"},\"slug\":\"polsko-01\",\"date\":\"2026-02-19T12:20:27\",\"src\":\"https:\\\/\\\/www.uamk.sk\\\/europeanroute66\\\/?p=1256\",\"original\":\"https:\\\/\\\/www.uamk.sk\\\/europeanroute66\\\/wp-content\\\/uploads\\\/2026\\\/02\\\/Polsko-01.jpg\",\"comments\":{\"status\":\"open\",\"count\":\"0\"},\"copyright\":\"\",\"thumb\":[\"https:\\\/\\\/www.uamk.sk\\\/europeanroute66\\\/wp-content\\\/uploads\\\/2026\\\/02\\\/Polsko-01-300x200.jpg\",300,200,true],\"image\":[\"https:\\\/\\\/www.uamk.sk\\\/europeanroute66\\\/wp-content\\\/uploads\\\/2026\\\/02\\\/Polsko-01.jpg\",1200,801,false],\"image_id\":1256,\"resized\":true,\"file\":\"\\\/data\\\/e\\\/7\\\/e7d299d4-505a-484e-b6d1-ea11b17cb826\\\/uamk.sk\\\/web\\\/europeanroute66\\\/wp-content\\\/uploads\\\/2026\\\/02\\\/Polsko-01.jpg\",\"meta\":{\"aperture\":\"4\",\"credit\":\"Milan Cernak\",\"camera\":\"NIKON D750\",\"created_timestamp\":\"1713546107\",\"copyright\":\"Milan Cernak\",\"focal_length\":\"65\",\"iso\":\"100\",\"shutter_speed\":\"0.004\"},\"tags_taxonomy\":\"media_tag\"},{\"type\":\"attachment\",\"subtype\":\"image\",\"status\":\"publish\",\"id\":\"1257\",\"title_src\":\"custom\",\"alt_src\":\"alt\",\"caption_src\":\"caption\",\"title\":\"\",\"alt\":\"\",\"caption\":\"\",\"link\":{\"text\":\"\",\"url\":\"\",\"target\":\"_self\"},\"tags\":[],\"author\":{\"id\":\"1\",\"name\":\"Maxi\",\"url\":\"https:\\\/\\\/www.uamk.sk\\\/europeanroute66\"},\"slug\":\"polsko-02\",\"date\":\"2026-02-19T12:20:32\",\"src\":\"https:\\\/\\\/www.uamk.sk\\\/europeanroute66\\\/?p=1257\",\"original\":\"https:\\\/\\\/www.uamk.sk\\\/europeanroute66\\\/wp-content\\\/uploads\\\/2026\\\/02\\\/Polsko-02.jpg\",\"comments\":{\"status\":\"open\",\"count\":\"0\"},\"copyright\":\"\",\"thumb\":[\"https:\\\/\\\/www.uamk.sk\\\/europeanroute66\\\/wp-content\\\/uploads\\\/2026\\\/02\\\/Polsko-02-300x169.jpg\",300,169,true],\"image\":[\"https:\\\/\\\/www.uamk.sk\\\/europeanroute66\\\/wp-content\\\/uploads\\\/2026\\\/02\\\/Polsko-02.jpg\",1200,675,false],\"image_id\":1257,\"resized\":true,\"file\":\"\\\/data\\\/e\\\/7\\\/e7d299d4-505a-484e-b6d1-ea11b17cb826\\\/uamk.sk\\\/web\\\/europeanroute66\\\/wp-content\\\/uploads\\\/2026\\\/02\\\/Polsko-02.jpg\",\"meta\":{\"aperture\":\"7.1\",\"credit\":\"Milan Cernak\",\"camera\":\"NIKON D750\",\"created_timestamp\":\"1713549542\",\"copyright\":\"Milan Cernak\",\"focal_length\":\"50\",\"iso\":\"100\",\"shutter_speed\":\"0.005\"},\"tags_taxonomy\":\"media_tag\"},{\"type\":\"attachment\",\"subtype\":\"image\",\"status\":\"publish\",\"id\":\"1258\",\"title_src\":\"custom\",\"alt_src\":\"alt\",\"caption_src\":\"caption\",\"title\":\"\",\"alt\":\"\",\"caption\":\"\",\"link\":{\"text\":\"\",\"url\":\"\",\"target\":\"_self\"},\"tags\":[],\"author\":{\"id\":\"1\",\"name\":\"Maxi\",\"url\":\"https:\\\/\\\/www.uamk.sk\\\/europeanroute66\"},\"slug\":\"polsko-03\",\"date\":\"2026-02-19T12:20:36\",\"src\":\"https:\\\/\\\/www.uamk.sk\\\/europeanroute66\\\/?p=1258\",\"original\":\"https:\\\/\\\/www.uamk.sk\\\/europeanroute66\\\/wp-content\\\/uploads\\\/2026\\\/02\\\/Polsko-03.jpg\",\"comments\":{\"status\":\"open\",\"count\":\"0\"},\"copyright\":\"\",\"thumb\":[\"https:\\\/\\\/www.uamk.sk\\\/europeanroute66\\\/wp-content\\\/uploads\\\/2026\\\/02\\\/Polsko-03-267x400.jpg\",267,400,true],\"image\":[\"https:\\\/\\\/www.uamk.sk\\\/europeanroute66\\\/wp-content\\\/uploads\\\/2026\\\/02\\\/Polsko-03.jpg\",801,1200,false],\"image_id\":1258,\"resized\":true,\"file\":\"\\\/data\\\/e\\\/7\\\/e7d299d4-505a-484e-b6d1-ea11b17cb826\\\/uamk.sk\\\/web\\\/europeanroute66\\\/wp-content\\\/uploads\\\/2026\\\/02\\\/Polsko-03.jpg\",\"meta\":[],\"tags_taxonomy\":\"media_tag\"},{\"type\":\"attachment\",\"subtype\":\"image\",\"status\":\"publish\",\"id\":\"1259\",\"title_src\":\"custom\",\"alt_src\":\"alt\",\"caption_src\":\"caption\",\"title\":\"\",\"alt\":\"\",\"caption\":\"\",\"link\":{\"text\":\"\",\"url\":\"\",\"target\":\"_self\"},\"tags\":[],\"author\":{\"id\":\"1\",\"name\":\"Maxi\",\"url\":\"https:\\\/\\\/www.uamk.sk\\\/europeanroute66\"},\"slug\":\"polsko-04\",\"date\":\"2026-02-19T12:20:42\",\"src\":\"https:\\\/\\\/www.uamk.sk\\\/europeanroute66\\\/?p=1259\",\"original\":\"https:\\\/\\\/www.uamk.sk\\\/europeanroute66\\\/wp-content\\\/uploads\\\/2026\\\/02\\\/Polsko-04.jpg\",\"comments\":{\"status\":\"open\",\"count\":\"0\"},\"copyright\":\"\",\"thumb\":[\"https:\\\/\\\/www.uamk.sk\\\/europeanroute66\\\/wp-content\\\/uploads\\\/2026\\\/02\\\/Polsko-04-300x200.jpg\",300,200,true],\"image\":[\"https:\\\/\\\/www.uamk.sk\\\/europeanroute66\\\/wp-content\\\/uploads\\\/2026\\\/02\\\/Polsko-04.jpg\",1200,801,false],\"image_id\":1259,\"resized\":true,\"file\":\"\\\/data\\\/e\\\/7\\\/e7d299d4-505a-484e-b6d1-ea11b17cb826\\\/uamk.sk\\\/web\\\/europeanroute66\\\/wp-content\\\/uploads\\\/2026\\\/02\\\/Polsko-04.jpg\",\"meta\":[],\"tags_taxonomy\":\"media_tag\"},{\"type\":\"attachment\",\"subtype\":\"image\",\"status\":\"publish\",\"id\":\"1274\",\"title_src\":\"custom\",\"alt_src\":\"alt\",\"caption_src\":\"caption\",\"title\":\"\",\"alt\":\"\",\"caption\":\"\",\"link\":{\"text\":\"\",\"url\":\"\",\"target\":\"_self\"},\"tags\":[],\"author\":{\"id\":\"1\",\"name\":\"Maxi\",\"url\":\"https:\\\/\\\/www.uamk.sk\\\/europeanroute66\"},\"slug\":\"polsko-05\",\"date\":\"2026-02-19T13:27:03\",\"src\":\"https:\\\/\\\/www.uamk.sk\\\/europeanroute66\\\/?p=1274\",\"original\":\"https:\\\/\\\/www.uamk.sk\\\/europeanroute66\\\/wp-content\\\/uploads\\\/2026\\\/02\\\/Polsko-05.jpg\",\"comments\":{\"status\":\"open\",\"count\":\"0\"},\"copyright\":\"\",\"thumb\":[\"https:\\\/\\\/www.uamk.sk\\\/europeanroute66\\\/wp-content\\\/uploads\\\/2026\\\/02\\\/Polsko-05-300x200.jpg\",300,200,true],\"image\":[\"https:\\\/\\\/www.uamk.sk\\\/europeanroute66\\\/wp-content\\\/uploads\\\/2026\\\/02\\\/Polsko-05.jpg\",1200,801,false],\"image_id\":1274,\"resized\":true,\"file\":\"\\\/data\\\/e\\\/7\\\/e7d299d4-505a-484e-b6d1-ea11b17cb826\\\/uamk.sk\\\/web\\\/europeanroute66\\\/wp-content\\\/uploads\\\/2026\\\/02\\\/Polsko-05.jpg\",\"meta\":{\"aperture\":\"7.1\",\"credit\":\"Milan Cernak\",\"camera\":\"NIKON D750\",\"created_timestamp\":\"1687705305\",\"copyright\":\"Milan Cernak\",\"focal_length\":\"65\",\"iso\":\"100\",\"shutter_speed\":\"0.00125\"},\"tags_taxonomy\":\"media_tag\"},{\"type\":\"attachment\",\"subtype\":\"image\",\"status\":\"publish\",\"id\":\"1275\",\"title_src\":\"custom\",\"alt_src\":\"alt\",\"caption_src\":\"caption\",\"title\":\"\",\"alt\":\"\",\"caption\":\"\",\"link\":{\"text\":\"\",\"url\":\"\",\"target\":\"_self\"},\"tags\":[],\"author\":{\"id\":\"1\",\"name\":\"Maxi\",\"url\":\"https:\\\/\\\/www.uamk.sk\\\/europeanroute66\"},\"slug\":\"polsko-06\",\"date\":\"2026-02-19T13:27:09\",\"src\":\"https:\\\/\\\/www.uamk.sk\\\/europeanroute66\\\/?p=1275\",\"original\":\"https:\\\/\\\/www.uamk.sk\\\/europeanroute66\\\/wp-content\\\/uploads\\\/2026\\\/02\\\/Polsko-06.jpg\",\"comments\":{\"status\":\"open\",\"count\":\"0\"},\"copyright\":\"\",\"thumb\":[\"https:\\\/\\\/www.uamk.sk\\\/europeanroute66\\\/wp-content\\\/uploads\\\/2026\\\/02\\\/Polsko-06-300x200.jpg\",300,200,true],\"image\":[\"https:\\\/\\\/www.uamk.sk\\\/europeanroute66\\\/wp-content\\\/uploads\\\/2026\\\/02\\\/Polsko-06.jpg\",1200,800,false],\"image_id\":1275,\"resized\":true,\"file\":\"\\\/data\\\/e\\\/7\\\/e7d299d4-505a-484e-b6d1-ea11b17cb826\\\/uamk.sk\\\/web\\\/europeanroute66\\\/wp-content\\\/uploads\\\/2026\\\/02\\\/Polsko-06.jpg\",\"meta\":{\"aperture\":\"5.6\",\"credit\":\"Milan Cernak\",\"camera\":\"NIKON D750\",\"created_timestamp\":\"1687708781\",\"copyright\":\"Milan Cernak\",\"focal_length\":\"46\",\"iso\":\"100\",\"shutter_speed\":\"0.00125\"},\"tags_taxonomy\":\"media_tag\"},{\"type\":\"attachment\",\"subtype\":\"image\",\"status\":\"publish\",\"id\":\"1276\",\"title_src\":\"custom\",\"alt_src\":\"alt\",\"caption_src\":\"caption\",\"title\":\"\",\"alt\":\"\",\"caption\":\"\",\"link\":{\"text\":\"\",\"url\":\"\",\"target\":\"_self\"},\"tags\":[],\"author\":{\"id\":\"1\",\"name\":\"Maxi\",\"url\":\"https:\\\/\\\/www.uamk.sk\\\/europeanroute66\"},\"slug\":\"polsko-07\",\"date\":\"2026-02-19T13:27:14\",\"src\":\"https:\\\/\\\/www.uamk.sk\\\/europeanroute66\\\/?p=1276\",\"original\":\"https:\\\/\\\/www.uamk.sk\\\/europeanroute66\\\/wp-content\\\/uploads\\\/2026\\\/02\\\/Polsko-07.jpg\",\"comments\":{\"status\":\"open\",\"count\":\"0\"},\"copyright\":\"\",\"thumb\":[\"https:\\\/\\\/www.uamk.sk\\\/europeanroute66\\\/wp-content\\\/uploads\\\/2026\\\/02\\\/Polsko-07-300x200.jpg\",300,200,true],\"image\":[\"https:\\\/\\\/www.uamk.sk\\\/europeanroute66\\\/wp-content\\\/uploads\\\/2026\\\/02\\\/Polsko-07.jpg\",1200,801,false],\"image_id\":1276,\"resized\":true,\"file\":\"\\\/data\\\/e\\\/7\\\/e7d299d4-505a-484e-b6d1-ea11b17cb826\\\/uamk.sk\\\/web\\\/europeanroute66\\\/wp-content\\\/uploads\\\/2026\\\/02\\\/Polsko-07.jpg\",\"meta\":{\"aperture\":\"4\",\"credit\":\"Milan Cernak\",\"camera\":\"NIKON D750\",\"created_timestamp\":\"1687711539\",\"copyright\":\"Milan Cernak\",\"focal_length\":\"75\",\"iso\":\"160\",\"shutter_speed\":\"0.00125\"},\"tags_taxonomy\":\"media_tag\"},{\"type\":\"attachment\",\"subtype\":\"image\",\"status\":\"publish\",\"id\":\"1277\",\"title_src\":\"custom\",\"alt_src\":\"alt\",\"caption_src\":\"caption\",\"title\":\"\",\"alt\":\"\",\"caption\":\"\",\"link\":{\"text\":\"\",\"url\":\"\",\"target\":\"_self\"},\"tags\":[],\"author\":{\"id\":\"1\",\"name\":\"Maxi\",\"url\":\"https:\\\/\\\/www.uamk.sk\\\/europeanroute66\"},\"slug\":\"polsko-08\",\"date\":\"2026-02-19T13:27:19\",\"src\":\"https:\\\/\\\/www.uamk.sk\\\/europeanroute66\\\/?p=1277\",\"original\":\"https:\\\/\\\/www.uamk.sk\\\/europeanroute66\\\/wp-content\\\/uploads\\\/2026\\\/02\\\/Polsko-08.jpg\",\"comments\":{\"status\":\"open\",\"count\":\"0\"},\"copyright\":\"\",\"thumb\":[\"https:\\\/\\\/www.uamk.sk\\\/europeanroute66\\\/wp-content\\\/uploads\\\/2026\\\/02\\\/Polsko-08-300x200.jpg\",300,200,true],\"image\":[\"https:\\\/\\\/www.uamk.sk\\\/europeanroute66\\\/wp-content\\\/uploads\\\/2026\\\/02\\\/Polsko-08.jpg\",1200,800,false],\"image_id\":1277,\"resized\":true,\"file\":\"\\\/data\\\/e\\\/7\\\/e7d299d4-505a-484e-b6d1-ea11b17cb826\\\/uamk.sk\\\/web\\\/europeanroute66\\\/wp-content\\\/uploads\\\/2026\\\/02\\\/Polsko-08.jpg\",\"meta\":{\"aperture\":\"4\",\"credit\":\"Milan Cernak\",\"camera\":\"NIKON D750\",\"created_timestamp\":\"1687711688\",\"copyright\":\"Milan Cernak\",\"focal_length\":\"24\",\"iso\":\"140\",\"shutter_speed\":\"0.00125\"},\"tags_taxonomy\":\"media_tag\"}]<\/script>\n\t\t\t<script type=\"application\/json\" class=\"wg-json-settings\">{\"copyR_Protection\":1,\"copyR_Alert\":\"Hello, this photo is mine!\",\"sliderScrollNavi\":1,\"sliderNextPrevAnimation\":\"animation\",\"sliderBgColor\":\"rgba(0,0,0,0.9)\",\"sliderPreloaderColor\":\"rgba(255,255,255,1)\",\"sliderHeaderFooterBgColor\":\"rgba(0,0,0,0.4)\",\"sliderNavigationColor\":\"rgba(0,0,0,1)\",\"sliderNavigationColorOver\":\"rgba(255,255,255,1)\",\"sliderNavigationIconColor\":\"rgba(255,255,255,1)\",\"sliderNavigationIconColorOver\":\"rgba(0,0,0,1)\",\"sliderItemTitleEnable\":1,\"sliderItemTitleFontSize\":18,\"sliderItemTitleTextColor\":\"rgba(255,255,255,1)\",\"sliderItemDescriptionEnable\":1,\"sliderItemDescriptionFontSize\":16,\"sliderItemDescriptionTextColor\":\"rgba(255,255,255,0.8)\",\"infoBarExifEnable\":1,\"sliderThumbBarEnable\":1,\"sliderThumbBarHoverColor\":\"rgba(255,255,255,1)\",\"sliderPlayButton\":1,\"slideshowDelay\":8,\"slideshowProgressBarColor\":\"rgba(255,255,255,1)\",\"slideshowProgressBarBGColor\":\"rgba(255,255,255,0.6)\",\"sliderZoomButton\":1,\"sliderSocialShareEnabled\":1,\"sliderFullScreen\":1,\"sliderThumbSubMenuBackgroundColor\":\"rgba(0, 0, 0, 0)\",\"sliderThumbSubMenuIconColor\":\"rgba(255, 255, 255, 1)\",\"sliderThumbSubMenuBackgroundColorOver\":\"rgba(255, 255, 255, 1)\",\"sliderThumbSubMenuIconHoverColor\":\"rgba(0, 0, 0, 1)\",\"__lightbox\":\"woowlightbox\",\"collectionPreloaderColor\":\"rgba(180,180,180,1)\",\"collectionBgColor\":\"rgba(255,255,255,0)\",\"collectionThumbColumns\":3,\"collectionThumbRecomendedWidth\":200,\"thumbSpacing\":10,\"tagsFilter\":1,\"tagCloudAll\":\"All\",\"tagCloudTextColor\":\"rgba(0,0,0,1)\",\"tagCloudBgColor\":\"rgba(180,180,180,1)\",\"collectionThumbHoverColor\":\"rgba(0,0,0,0.5)\",\"collectionThumbTitleShow\":1,\"collectionThumbTitleColor\":\"rgba(0,0,0,1)\",\"collectionThumbFontSize\":18,\"collectionThumbDescriptionShow\":1,\"collectionThumbContentBGColor\":\"rgba(220,220,220,1)\",\"collectionThumbDescriptionColor\":\"rgba(0,0,0,1)\",\"collectionThumbDescriptionFontSize\":15,\"collectionReadMoreButtonShow\":1,\"collectionReadMoreButtonLabel\":\"Read More\",\"collectionReadMoreButtonFontSize\":12,\"collectionReadMoreButtonBGColor\":\"rgba(0,0,0,1)\",\"collectionReadMoreButtonBGColorHover\":\"rgba(180,180,180,1)\",\"collectionReadMoreButtonLabelColor\":\"rgba(255,255,255,1)\",\"collectionReadMoreButtonLabelColorHover\":\"rgba(0,0,0,1)\",\"shareBarBgColor\":\"rgba(0,0,0,0.9)\",\"shareBarIconColor\":\"rgba(255,255,255,1)\",\"shareBarFacebook\":1,\"shareBarTwitter\":1,\"shareBarPinterest\":1,\"shareBarDownload\":1,\"__skin\":\"amron\",\"lightBoxEnable\":1}<\/script>\n\t\t<\/div>\n\t\t<\/div><noscript><a href=\"https:\/\/www.uamk.sk\/europeanroute66\/wp-content\/uploads\/2026\/02\/Polsko-01.jpg\"><img class=\"skip-lazy no-lazyload\" data-lazy-src=\"\" src =\"https:\/\/www.uamk.sk\/europeanroute66\/wp-content\/uploads\/2026\/02\/Polsko-01.jpg\" width=\"1200\" height=\"801\" title=\"\" alt=\"\" \/><\/a><a href=\"https:\/\/www.uamk.sk\/europeanroute66\/wp-content\/uploads\/2026\/02\/Polsko-02.jpg\"><img class=\"skip-lazy no-lazyload\" data-lazy-src=\"\" src =\"https:\/\/www.uamk.sk\/europeanroute66\/wp-content\/uploads\/2026\/02\/Polsko-02.jpg\" width=\"1200\" height=\"675\" title=\"\" alt=\"\" \/><\/a><a href=\"https:\/\/www.uamk.sk\/europeanroute66\/wp-content\/uploads\/2026\/02\/Polsko-03.jpg\"><img class=\"skip-lazy no-lazyload\" data-lazy-src=\"\" src =\"https:\/\/www.uamk.sk\/europeanroute66\/wp-content\/uploads\/2026\/02\/Polsko-03.jpg\" width=\"801\" height=\"1200\" title=\"\" alt=\"\" \/><\/a><a href=\"https:\/\/www.uamk.sk\/europeanroute66\/wp-content\/uploads\/2026\/02\/Polsko-04.jpg\"><img class=\"skip-lazy no-lazyload\" data-lazy-src=\"\" src =\"https:\/\/www.uamk.sk\/europeanroute66\/wp-content\/uploads\/2026\/02\/Polsko-04.jpg\" width=\"1200\" height=\"801\" title=\"\" alt=\"\" \/><\/a><a href=\"https:\/\/www.uamk.sk\/europeanroute66\/wp-content\/uploads\/2026\/02\/Polsko-05.jpg\"><img class=\"skip-lazy no-lazyload\" data-lazy-src=\"\" src =\"https:\/\/www.uamk.sk\/europeanroute66\/wp-content\/uploads\/2026\/02\/Polsko-05.jpg\" width=\"1200\" height=\"801\" title=\"\" alt=\"\" \/><\/a><a href=\"https:\/\/www.uamk.sk\/europeanroute66\/wp-content\/uploads\/2026\/02\/Polsko-06.jpg\"><img class=\"skip-lazy no-lazyload\" data-lazy-src=\"\" src =\"https:\/\/www.uamk.sk\/europeanroute66\/wp-content\/uploads\/2026\/02\/Polsko-06.jpg\" width=\"1200\" height=\"800\" title=\"\" alt=\"\" \/><\/a><a href=\"https:\/\/www.uamk.sk\/europeanroute66\/wp-content\/uploads\/2026\/02\/Polsko-07.jpg\"><img class=\"skip-lazy no-lazyload\" data-lazy-src=\"\" src =\"https:\/\/www.uamk.sk\/europeanroute66\/wp-content\/uploads\/2026\/02\/Polsko-07.jpg\" width=\"1200\" height=\"801\" title=\"\" alt=\"\" \/><\/a><a href=\"https:\/\/www.uamk.sk\/europeanroute66\/wp-content\/uploads\/2026\/02\/Polsko-08.jpg\"><img class=\"skip-lazy no-lazyload\" data-lazy-src=\"\" src =\"https:\/\/www.uamk.sk\/europeanroute66\/wp-content\/uploads\/2026\/02\/Polsko-08.jpg\" width=\"1200\" height=\"800\" title=\"\" alt=\"\" \/><\/a><\/noscript>\n","protected":false},"excerpt":{"rendered":"<p>Po\u013esko je krajina bohat\u00e1 na pr\u00edrodn\u00e9 kr\u00e1sy, kult\u00farne dedi\u010dstvo a zauj\u00edmav\u00fa hist\u00f3riu. Nach\u00e1dza sa v strednej Eur\u00f3pe a jeho krajina je rozmanit\u00e1, od pobre\u017eia Baltsk\u00e9ho mora na severe a\u017e po hory na juhu. Pr\u00edrodn\u00e9 zauj\u00edmavosti Po\u013eska zah\u0155\u0148aj\u00fa mno\u017estvo n\u00e1rodn\u00fdch parkov a pr\u00edrodn\u00fdch rezerv\u00e1ci\u00ed. Medzi najzn\u00e1mej\u0161ie patria Tatry, najvy\u0161\u0161ie pohorie v krajine, ktor\u00e9 pon\u00faka n\u00e1dhern\u00e9 turistick\u00e9 &hellip;<br \/><a href=\"https:\/\/www.uamk.sk\/europeanroute66\/polsko\/\" class=\"more-link pen_button pen_element_default pen_icon_arrow_double\">\u010c\u00edta\u0165 \u010falej <span class=\"screen-reader-text\">Po\u013esko<\/span><\/a><\/p>\n","protected":false},"author":1,"featured_media":1257,"parent":0,"menu_order":0,"comment_status":"closed","ping_status":"closed","template":"","meta":{"_monsterinsights_skip_tracking":false,"_monsterinsights_sitenote_active":false,"_monsterinsights_sitenote_note":"","_monsterinsights_sitenote_category":0,"footnotes":""},"class_list":["post-1272","page","type-page","status-publish","has-post-thumbnail","hentry"],"jetpack_sharing_enabled":true,"_links":{"self":[{"href":"https:\/\/www.uamk.sk\/europeanroute66\/wp-json\/wp\/v2\/pages\/1272","targetHints":{"allow":["GET"]}}],"collection":[{"href":"https:\/\/www.uamk.sk\/europeanroute66\/wp-json\/wp\/v2\/pages"}],"about":[{"href":"https:\/\/www.uamk.sk\/europeanroute66\/wp-json\/wp\/v2\/types\/page"}],"author":[{"embeddable":true,"href":"https:\/\/www.uamk.sk\/europeanroute66\/wp-json\/wp\/v2\/users\/1"}],"replies":[{"embeddable":true,"href":"https:\/\/www.uamk.sk\/europeanroute66\/wp-json\/wp\/v2\/comments?post=1272"}],"version-history":[{"count":3,"href":"https:\/\/www.uamk.sk\/europeanroute66\/wp-json\/wp\/v2\/pages\/1272\/revisions"}],"predecessor-version":[{"id":1287,"href":"https:\/\/www.uamk.sk\/europeanroute66\/wp-json\/wp\/v2\/pages\/1272\/revisions\/1287"}],"wp:featuredmedia":[{"embeddable":true,"href":"https:\/\/www.uamk.sk\/europeanroute66\/wp-json\/wp\/v2\/media\/1257"}],"wp:attachment":[{"href":"https:\/\/www.uamk.sk\/europeanroute66\/wp-json\/wp\/v2\/media?parent=1272"}],"curies":[{"name":"wp","href":"https:\/\/api.w.org\/{rel}","templated":true}]}}