{"id":358,"date":"2026-01-28T21:06:15","date_gmt":"2026-01-28T20:06:15","guid":{"rendered":"https:\/\/www.uamk.sk\/europeanroute66\/?page_id=358"},"modified":"2026-02-27T09:26:08","modified_gmt":"2026-02-27T08:26:08","slug":"projekt_eu_route66","status":"publish","type":"page","link":"https:\/\/www.uamk.sk\/europeanroute66\/projekt_eu_route66\/","title":{"rendered":"O projekte Eur\u00f3pskej Route 66"},"content":{"rendered":"\n<h3 class=\"wp-block-heading\">Anot\u00e1cia \/ Popis projektu<\/h3>\n\n\n\n<div class=\"wp-block-group is-nowrap is-layout-flex wp-container-core-group-is-layout-ad2f72ca wp-block-group-is-layout-flex\"><\/div>\n\n\n\n<blockquote class=\"wp-block-quote is-layout-flow wp-block-quote-is-layout-flow\">\n<p>Vznikom fenom\u00e9nu US Route 66 v Amerike sa za\u010dal obrovsk\u00fd rozvoj oblast\u00ed, ktor\u00fdmi prech\u00e1dza. Zv\u00fd\u0161ila sa dopravn\u00e1 bezpe\u010dnos\u0165, za\u013eudnenos\u0165 oblast\u00ed, vzr\u00e1stol cestovn\u00fd ruch a nastal v\u0161estrann\u00fd rozvoj regi\u00f3nov, ktor\u00fdmi cesta US Route 66 vedie.<\/p>\n\n\n\n<p id=\"wnd_TextBlock_96701762941582992_inner_1\">Fenom\u00e9n Route 66 je svetovo v\u0161eobecne zn\u00e1my a marketingovo v\u00fdznamne uchopite\u013en\u00fd.<\/p>\n\n\n\n<p id=\"wnd_TextBlock_96701762941582992_inner_2\">Slovensk\u00e1 asoci\u00e1cia Route 66\u00ae je ob\u010dianske zdru\u017eenie priaznivcov legend\u00e1rnej americkej US Route 66, naz\u00fdvanou aj &#8222;matka ciest&#8220;, a jej v\u00fdnimo\u010dn\u00e9ho odkazu, ktor\u00fd sme prostredn\u00edctvom projektu SK Route 66\u00ae aplikovali na Slovensko.<\/p>\n\n\n\n<p>Projekt Slovenskej Route 66\u00ae sa stal v\u00fdznamn\u00fdm \u010dinite\u013eom bezpe\u010dnosti cestnej prem\u00e1vky a hlavne rozvoja cestovn\u00e9ho ruchu v regi\u00f3noch, ktor\u00fdmi \u0161t\u00e1tna cesta I\/66 \u2013 Slovensk\u00e1 Route 66 prech\u00e1dza, od hran\u00edc s Ma\u010farskom v \u0160ah\u00e1ch cez Krupinu, Zvolen, Bansk\u00fa Bystricu, Lopej (centr\u00e1la SK Route 66), Brezno, He\u013epu, Telg\u00e1rt, Poprad, Ke\u017emarok, Spi\u0161sk\u00fa Bel\u00fa, \u017ddiar a\u017e do Tatranskej Javoriny, na hranicu Slovenska s Po\u013eskom.&nbsp;<\/p>\n<\/blockquote>\n\n\n\n<div class=\"wp-block-group is-nowrap is-layout-flex wp-container-core-group-is-layout-ad2f72ca wp-block-group-is-layout-flex\">\n<div class=\"wp-block-group is-nowrap is-layout-flex wp-container-core-group-is-layout-ad2f72ca wp-block-group-is-layout-flex\"><\/div>\n\n\n\n<p><\/p>\n<\/div>\n\n\n\n<h3 class=\"wp-block-heading\">Cie\u013e projektu Eur\u00f3pska Route 66<\/h3>\n\n\n\n<p>Na z\u00e1klade \u00faspechu projektu SK Route 66\u00ae v podmienkach Slovenskej republiky sa autori projektu rozhodli prist\u00fapi\u0165 k programu prepojenia Baltsk\u00e9ho a Jadransk\u00e9ho mora fenom\u00e9nom Route 66 ako EUR\u00d3PSKU ROUTE 66 \u2013 EU ROUTE 66. Eur\u00f3pska Route 66 je n\u00e1stroj v\u00fdrazn\u00e9ho rozvoja cestovn\u00e9ho ruchu v celom jej koridore.<strong> Z\u00e1kladn\u00fdm cie\u013eom projektu Eur\u00f3pskej Route 66 je <\/strong> prepoji\u0165 \u0161t\u00e1ty Po\u013esko, Slovensko, Ma\u010farsko a Chorv\u00e1tsko, od Baltsk\u00e9ho po Jadransk\u00e9 more a vytvori\u0165 tak\u00a0<strong>v\u00fdznamn\u00fd nadn\u00e1rodn\u00fd eur\u00f3psky turistick\u00fd koridor<\/strong> s v\u00fdrazn\u00fdm pr\u00ednosom <strong>pre rozvoj regi\u00f3nov a ich ekonomick\u00fa udr\u017eate\u013enos\u0165<\/strong>, ale aj pr\u00ednos  k rozvoju cestovn\u00e9ho ruchu a k bezpe\u010dnosti cestnej prem\u00e1vky. <\/p>\n\n\n\n<div class=\"wp-block-group is-nowrap is-layout-flex wp-container-core-group-is-layout-ad2f72ca wp-block-group-is-layout-flex\">\n<div class=\"wp-block-group is-nowrap is-layout-flex wp-container-core-group-is-layout-ad2f72ca wp-block-group-is-layout-flex\"><\/div>\n\n\n\n<p><\/p>\n<\/div>\n\n\n\n<h3 class=\"wp-block-heading\">Program projektu Eur\u00f3pska Route 66<\/h3>\n\n\n\n<p>V z\u00e1ujme zv\u00fdraznenia medzin\u00e1rodn\u00e9ho v\u00fdznamu projektu EU Route 66 pl\u00e1nujeme v\u00fdstavbu PRV\u00c9HO EUR\u00d3PSKEHO INFORMA\u010cN\u00c9HO PORT\u00c1LU na hraniciach Slovenska s Ma\u010farskom v \u0160ah\u00e1ch a z\u00e1rove\u0148 intenz\u00edvne pracujeme na pr\u00edprave projektu druh\u00e9ho eur\u00f3pskeho informa\u010dn\u00e9ho port\u00e1lu, ktor\u00fd bude umiestnen\u00fd na hraniciach s Po\u013eskom v Tatranskej Javorine.<\/p>\n\n\n\n<div class=\"wp-block-group is-nowrap is-layout-flex wp-container-core-group-is-layout-ad2f72ca wp-block-group-is-layout-flex\">\n<div class=\"wp-block-group is-nowrap is-layout-flex wp-container-core-group-is-layout-ad2f72ca wp-block-group-is-layout-flex\"><\/div>\n\n\n\n<p><\/p>\n<\/div>\n\n\n\n<h3 class=\"wp-block-heading\" id=\"wnd_TextBlock_3011762941851138_inner_0\">Projekt Eur\u00f3pskej Route 66\u00ae je realizovan\u00fd v siedmych prioritn\u00fdch t\u00e9mach :<\/h3>\n\n\n\n<details class=\"wp-block-details is-layout-flow wp-block-details-is-layout-flow\"><summary><strong>1. Dopravno &#8211; bezpe\u010dnostn\u00e1<\/strong> <\/summary>\n<p>Cie\u013eom prioritnej t\u00e9my 1 je vybudovanie bezpe\u010dnostn\u00fdch prvkov a zv\u00fd\u0161enie kvality \u0161t\u00e1tnej cesty I\/66 na kvalitu deklarovan\u00fa v z\u00e1v\u00e4zku vo\u010di Eur\u00f3pskej komisii ako &#8222;Eur\u00f3pska vzorov\u00e1 bezpe\u010dn\u00e1 cesta I. triedy&#8220; a zn\u00ed\u017eenie dopravnej nehodovosti \u2013 nulov\u00e1 tolerancia smrte\u013en\u00fdch dopravn\u00fdch neh\u00f4d v intenci\u00e1ch predsavzatia Eur\u00f3pskej komisie &#8220; Zero vision&#8220;. V projekte EU Route 66 kladieme akcent na roz\u0161\u00edrenie a pou\u017eitie t\u00fdchto cie\u013eov na cel\u00fa d\u013a\u017eku eur\u00f3pskej Route 66 od Po\u013eska, cez Slovensko, Ma\u010farsko a\u017e po Chorv\u00e1tsko. V r\u00e1mci prioritnej t\u00e9my 1 je amb\u00edciou projektu rozvoj mototuristiky a zv\u00fd\u0161en\u00fd po\u010det prenocovan\u00ed migruj\u00facich mototuristov<\/p>\n<\/details>\n\n\n\n<details class=\"wp-block-details is-layout-flow wp-block-details-is-layout-flow\"><summary><strong>2. Ekonomicko &#8211; rozvojov\u00e1<\/strong><\/summary>\n<p>Prioritn\u00e1 t\u00e9ma 2 je zameran\u00e1 na ekonomick\u00fd rozvoj oblast\u00ed, cez ktor\u00e9 prech\u00e1dza SK Route 66\u00ae, v nadv\u00e4znosti na projekt bud\u00facej EU Route 66 s\u00fa zahrnut\u00e9 aj lokality, ktor\u00fdmi t\u00e1to bud\u00faca nadn\u00e1rodn\u00e1 trasa povedie. Vytvoren\u00edm nadn\u00e1rodn\u00e9ho koridoru Po\u013esko \u2013 Slovensko \u2013 Ma\u010farsko \u2013 Chorv\u00e1tsko o\u010dak\u00e1vame n\u00e1rast zamestnanosti v jednotliv\u00fdch regi\u00f3noch SR ale aj ostatn\u00fdch participuj\u00facich kraj\u00edn. Pr\u00ednos t\u00e9my 2 je samozrejm\u00fd aj v \u010fal\u0161om rozvoji cestovn\u00e9ho ruchu v spojitosti s nav\u00fd\u0161en\u00edm n\u00e1v\u0161tevnosti.<\/p>\n<\/details>\n\n\n\n<details class=\"wp-block-details is-layout-flow wp-block-details-is-layout-flow\"><summary><strong>3. Enviroment\u00e1lna<\/strong> <\/summary>\n<p>Tretia t\u00e9ma je zameran\u00e1 na zn\u00ed\u017eenie ekologick\u00e9ho za\u0165a\u017eenia \u017eivotn\u00e9ho prostredia v okol\u00ed cesty SK Route 66\u00ae, hlavne odstr\u00e1nenie jedovat\u00fdch &#8222;gudr\u00f3nov\u00fdch &#8220; j\u00e1m v katastri obce Predajn\u00e1, vyu\u017e\u00edvanie obnovite\u013enej energie na \u00fadr\u017ebu cesty, vybudovanie s\u00favislej cestnej siete nab\u00edjac\u00edch stan\u00edc pre elektromobily a elektro bicykle. V tejto osi sa chceme pribl\u00ed\u017ei\u0165 vyspelosti a kvalite infra\u0161trukt\u00fary z\u00e1padn\u00fdch kraj\u00edn E\u00da.<\/p>\n<\/details>\n\n\n\n<details class=\"wp-block-details is-layout-flow wp-block-details-is-layout-flow\"><summary><strong>4. Soci\u00e1lna<\/strong><\/summary>\n<p>Na \u00farovni SK Route 66\u00ae v p\u00f4sobnosti prioritnej t\u00e9my&nbsp; 4 spolupracujeme so samospr\u00e1vami miest a obc\u00ed na zlep\u0161ovan\u00ed \u017eivotn\u00fdch podmienok marginalizovan\u00fdch skup\u00edn ob\u010danov \u017eij\u00facich na SK Route 66\u00ae, najm\u00e4 d\u00f4chodcov a R\u00f3mov. P\u00f4sobenie tejto osi je zabezpe\u010dovan\u00e9 reeduk\u00e1ciou a eduk\u00e1ciou v r\u00f4znych oblastiach \u017eivota, zlep\u0161ovanie pracovn\u00fdch zru\u010dnost\u00ed, pomoc t\u00fdran\u00fdm \u017een\u00e1m a matk\u00e1m s de\u0165mi, a pod<\/p>\n<\/details>\n\n\n\n<details class=\"wp-block-details is-layout-flow wp-block-details-is-layout-flow\"><summary><strong>5. \u0160portov\u00e1<\/strong><\/summary>\n<p>Cie\u013eom prioritnej t\u00e9my 5 je na SK Route 66\u00ae vytv\u00e1ra\u0165 podmienky pre r\u00f4znorod\u00e9 \u0161portov\u00e9 aktivity motoristick\u00e9ho aj nemotoristick\u00e9ho charakteru. V roku 2015 bola pod taktovkou Slovenskej asoci\u00e1cie Route 66\u00ae uskuto\u010dnen\u00e1 \u00favodn\u00e1 etapa cyklistick\u00fdch pretekov &#8222;Okolo Slovenska Cena SK Route 66&#8220;. V roku 2016 prebiehal 60. ro\u010dn\u00edk pretekov Okolo Slovenska a Prol\u00f3g viedol cez SK Route 66\u00ae. V rokoch 2024 a 2025 sa uskuto\u010dnili mimoriadne \u00faspe\u0161n\u00e9 podujatia pretekov automobilov do vrchu v Brezne a \u010ciernom Balogu, usporiadan\u00e9 ako Medzin\u00e1rodn\u00e9 majstrovstv\u00e1 Slovenskej a \u010ceskej republiky.<\/p>\n<\/details>\n\n\n\n<details class=\"wp-block-details is-layout-flow wp-block-details-is-layout-flow\"><summary><strong>6. Duchovn\u00e1<\/strong><\/summary>\n<p>Trasa SK Route 66\u00ae prech\u00e1dza obcami, kde sa nach\u00e1dza mno\u017estvo r\u00edmsko \u2013 katol\u00edckych chr\u00e1mov, ako aj chr\u00e1mov in\u00fdch konfesi\u00ed, ktor\u00e9 s\u00fa \u010dasto n\u00e1rodnou alebo inak chr\u00e1nenou pamiatkou. Cie\u013eom tejto prioritnej osi je vyzdvihn\u00fa\u0165 duchovn\u00fd rozmer krajov troch r\u00edmsko \u2013 katol\u00edckych diec\u00e9z, ktor\u00fdmi SK Route 66\u00ae prech\u00e1dza.<\/p>\n<\/details>\n\n\n\n<details class=\"wp-block-details is-layout-flow wp-block-details-is-layout-flow\"><summary> <strong>7. Kult\u00farno -historick\u00e1<\/strong> <\/summary>\n<p>Po celej trase SK Route 66\u00ae sa nach\u00e1dza mno\u017estvo n\u00e1rodn\u00fdch kult\u00farnych pamiatok, ktor\u00e9 si zasl\u00fa\u017eia pozornos\u0165 a lep\u0161ie ozna\u010denie, ktor\u00e9 postupne budujeme. Do kult\u00farneho dedi\u010dstva Slovenskej republiky neodmyslite\u013ene patria hrady, z\u00e1mky, ka\u0161tiele a r\u00f4zne in\u00e9 historick\u00e9 objekty. V\u00fdznamn\u00fa s\u00fa\u010das\u0165 prioritnej t\u00e9my 7 tvor\u00ed kult\u00farne dedi\u010dstvo a folkl\u00f3rne trad\u00edcie jednotliv\u00fdch \u00fazem\u00ed z\u00fa\u010dastnen\u00fdch \u0161t\u00e1tov. Amb\u00edciu je zalo\u017ei\u0165 trad\u00edciu organizovania medzin\u00e1rodn\u00fdch folkl\u00f3rnych festivalov. Cie\u013eom prioritnej t\u00e9my 7 je ich zvidite\u013enenie, pozdvihnutie n\u00e1v\u0161tevnosti, ich revitaliz\u00e1cia a zv\u00fd\u0161en\u00e9 povedomie o kr\u00e1sach Slovenska <\/p>\n<\/details>\n\n\n\n<div class=\"wp-block-columns is-layout-flex wp-container-core-columns-is-layout-9d6595d7 wp-block-columns-is-layout-flex\">\n<div class=\"wp-block-column is-layout-flow wp-block-column-is-layout-flow\" style=\"flex-basis:25%\"><\/div>\n\n\n\n<div class=\"wp-block-column is-layout-flow wp-block-column-is-layout-flow\" style=\"flex-basis:25%\"><\/div>\n<\/div>\n\n\n\n<p>Prioritn\u00e9 t\u00e9my 1 a 2 s\u00fa plne vyu\u017eite\u013en\u00e9 taktie\u017e v nadn\u00e1rodnom projekte EU Route 66. Tu na\u010falej budeme trva\u0165 na vybudovan\u00ed kvalitnej infra\u0161trukt\u00fary, pou\u017eit\u00ed najmodernej\u0161\u00edch bezpe\u010dnostn\u00fdch prvkov so siln\u00fdm akcentom na nulov\u00fa toleranciu smrte\u013en\u00fdch dopravn\u00fdch neh\u00f4d po celej trase. Projekt EU Route 66 m\u00e1 obrovsk\u00fd potenci\u00e1l pre naplnenie ekonomicko \u2013 rozvojov\u00e9ho akcentu prioritnej t\u00e9my 2.&nbsp;&nbsp;<\/p>\n\n\n\n<p>Prioritn\u00e9 t\u00e9my 6 a 7 s\u00fa aplikovate\u013en\u00e9 vo v\u00fdznamnej miere vzh\u013eadom na spolo\u010dn\u00fa hist\u00f3riu kraj\u00edn V4, a to najm\u00e4 v oblasti duchovnej s Po\u013eskom (t\u00e9ma 6) a v oblasti kult\u00farno historickej (t\u00e9ma 7) s Ma\u010farskom, kedy najm\u00e4 na juhu Slovenska, ale aj v \u010fal\u0161\u00edch \u010dastiach Slovenska je ve\u013ek\u00e9 mno\u017estvo kult\u00farnych pamiatok spojen\u00fdch s v\u00fdznamn\u00fdmi osobnos\u0165ami Slovenska, Ma\u010farska a ostatn\u00fdch z\u00fa\u010dastnen\u00fdch kraj\u00edn&nbsp;<\/p>\n\n\n\n<div class=\"wp-block-group is-nowrap is-layout-flex wp-container-core-group-is-layout-ad2f72ca wp-block-group-is-layout-flex\">\n<div class=\"wp-block-group is-nowrap is-layout-flex wp-container-core-group-is-layout-ad2f72ca wp-block-group-is-layout-flex\"><\/div>\n\n\n\n<p><\/p>\n<\/div>\n\n\n\n<div class=\"wp-block-group is-nowrap is-layout-flex wp-container-core-group-is-layout-ad2f72ca wp-block-group-is-layout-flex\">\n<div class=\"wp-block-group is-nowrap is-layout-flex wp-container-core-group-is-layout-ad2f72ca wp-block-group-is-layout-flex\"><\/div>\n\n\n\n<p><\/p>\n<\/div>\n\n\n\n<h3 class=\"wp-block-heading\">Zakladate\u013e projektu<\/h3>\n\n\n\n<h4 class=\"wp-block-heading\" id=\"wnd_TextBlock_58801762940170844577_inner_2\"><strong>N\u00e1zov organiz\u00e1cie:<\/strong>&nbsp; &nbsp; &nbsp; &nbsp; &nbsp; &nbsp;<a href=\"https:\/\/www.skroute66.sk\/\" target=\"_blank\" rel=\"noreferrer noopener\">Slovensk\u00e1 asoci\u00e1cia Route 66<\/a>\u00a9<\/h4>\n\n\n\n<h4 class=\"wp-block-heading\" id=\"wnd_TextBlock_58801762940170844577_inner_3\"><strong>Adresa:<\/strong>&nbsp; &nbsp; &nbsp; &nbsp; &nbsp; &nbsp; &nbsp; &nbsp; &nbsp; &nbsp; &nbsp; &nbsp; &nbsp; &nbsp; &nbsp; Dru\u017eby 322, 976 98 Lopej<\/h4>\n\n\n\n<h4 class=\"wp-block-heading\" id=\"wnd_TextBlock_58801762940170844577_inner_4\"><strong>Kontaktn\u00e1 osoba:<\/strong>&nbsp; &nbsp; &nbsp; &nbsp; &nbsp; &nbsp; &nbsp;Dr. Juraj Smre\u010dan<\/h4>\n\n\n\n<h4 class=\"wp-block-heading\" id=\"wnd_TextBlock_58801762940170844577_inner_5\"><strong>\u0160tatut\u00e1rny z\u00e1stupca:<\/strong>&nbsp; &nbsp; &nbsp; &nbsp; Dr. Juraj Smre\u010dan<\/h4>\n\n\n\n<h4 class=\"wp-block-heading\" id=\"wnd_TextBlock_58801762940170844577_inner_6\"><strong>Kontakt:<\/strong>&nbsp; &nbsp; &nbsp; &nbsp; &nbsp; &nbsp; &nbsp; &nbsp; &nbsp; &nbsp; &nbsp; &nbsp; &nbsp; &nbsp;&nbsp;<a href=\"mailto:skroute66@gmail.com\">&nbsp;skroute66@gmail.com<\/a><\/h4>\n\n\n\n<h4 class=\"wp-block-heading\" id=\"wnd_TextBlock_58801762940170844577_inner_7\"><strong>Telef\u00f3n:<\/strong>&nbsp; &nbsp; &nbsp; &nbsp; &nbsp; &nbsp; &nbsp; &nbsp; &nbsp; &nbsp; &nbsp; &nbsp; &nbsp; &nbsp; &nbsp;+421 911 84 84 50<\/h4>\n\n\n\n<p><\/p>\n","protected":false},"excerpt":{"rendered":"<p>Anot\u00e1cia \/ Popis projektu Vznikom fenom\u00e9nu US Route 66 v Amerike sa za\u010dal obrovsk\u00fd rozvoj oblast\u00ed, ktor\u00fdmi prech\u00e1dza. Zv\u00fd\u0161ila sa dopravn\u00e1 bezpe\u010dnos\u0165, za\u013eudnenos\u0165 oblast\u00ed, vzr\u00e1stol cestovn\u00fd ruch a nastal v\u0161estrann\u00fd rozvoj regi\u00f3nov, ktor\u00fdmi cesta US Route 66 vedie. Fenom\u00e9n Route 66 je svetovo v\u0161eobecne zn\u00e1my a marketingovo v\u00fdznamne uchopite\u013en\u00fd. Slovensk\u00e1 asoci\u00e1cia Route 66\u00ae je ob\u010dianske &hellip;<br \/><a href=\"https:\/\/www.uamk.sk\/europeanroute66\/projekt_eu_route66\/\" class=\"more-link pen_button pen_element_default pen_icon_arrow_double\">\u010c\u00edta\u0165 \u010falej <span class=\"screen-reader-text\">O projekte Eur\u00f3pskej Route 66<\/span><\/a><\/p>\n","protected":false},"author":1,"featured_media":0,"parent":0,"menu_order":0,"comment_status":"closed","ping_status":"closed","template":"","meta":{"_monsterinsights_skip_tracking":false,"_monsterinsights_sitenote_active":false,"_monsterinsights_sitenote_note":"","_monsterinsights_sitenote_category":0,"footnotes":""},"class_list":["post-358","page","type-page","status-publish","hentry"],"jetpack_sharing_enabled":true,"_links":{"self":[{"href":"https:\/\/www.uamk.sk\/europeanroute66\/wp-json\/wp\/v2\/pages\/358","targetHints":{"allow":["GET"]}}],"collection":[{"href":"https:\/\/www.uamk.sk\/europeanroute66\/wp-json\/wp\/v2\/pages"}],"about":[{"href":"https:\/\/www.uamk.sk\/europeanroute66\/wp-json\/wp\/v2\/types\/page"}],"author":[{"embeddable":true,"href":"https:\/\/www.uamk.sk\/europeanroute66\/wp-json\/wp\/v2\/users\/1"}],"replies":[{"embeddable":true,"href":"https:\/\/www.uamk.sk\/europeanroute66\/wp-json\/wp\/v2\/comments?post=358"}],"version-history":[{"count":35,"href":"https:\/\/www.uamk.sk\/europeanroute66\/wp-json\/wp\/v2\/pages\/358\/revisions"}],"predecessor-version":[{"id":1361,"href":"https:\/\/www.uamk.sk\/europeanroute66\/wp-json\/wp\/v2\/pages\/358\/revisions\/1361"}],"wp:attachment":[{"href":"https:\/\/www.uamk.sk\/europeanroute66\/wp-json\/wp\/v2\/media?parent=358"}],"curies":[{"name":"wp","href":"https:\/\/api.w.org\/{rel}","templated":true}]}}